{"id":6963,"date":"2019-02-01T09:06:27","date_gmt":"2019-02-01T08:06:27","guid":{"rendered":"https:\/\/joergensen.aw001.de\/?page_id=6963"},"modified":"2019-03-13T12:32:05","modified_gmt":"2019-03-13T11:32:05","slug":"impressum","status":"publish","type":"page","link":"https:\/\/zahnarzt-dentist.ch\/en\/impressum\/","title":{"rendered":"Impressum"},"content":{"rendered":"<p>[et_pb_section fb_built=&#8221;1&#8243; _builder_version=&#8221;3.12.2&#8243; custom_padding=&#8221;30px|0px|0|0px|false|false&#8221;][et_pb_row custom_padding=&#8221;30px|30px|30px|30px&#8221; custom_css_main_2=&#8221;text-align: right;&#8221; module_id=&#8221;title-image&#8221; module_class=&#8221;box-shadow&#8221; _builder_version=&#8221;3.12.2&#8243; background_color=&#8221;#ffffff&#8221; background_image=&#8221;https:\/\/zahnarzt-dentist.ch\/wp-content\/uploads\/2018\/11\/zahnarzt-dentist-in-basel-schweiz.jpg&#8221; background_position=&#8221;bottom_left&#8221; border_radii=&#8221;on|1px|1px|1px|1px&#8221;][et_pb_column type=&#8221;4_4&#8243; _builder_version=&#8221;3.0.47&#8243; parallax=&#8221;off&#8221; parallax_method=&#8221;on&#8221;][et_pb_text admin_label=&#8221;Headline&#8221; module_class=&#8221;entry-heading&#8221; _builder_version=&#8221;3.12.2&#8243; text_font=&#8221;Ubuntu||||||||&#8221; header_2_font=&#8221;Open Sans||||||||&#8221;]<\/p>\n<h2>Unser Impressum<\/h2>\n<div class=\"breadcrumb\"><span><span><a href=\"https:\/\/zahnarzt-dentist.ch\/en\/\">Startseite<\/a><\/span><\/span><\/div>\n<p>[\/et_pb_text][\/et_pb_column][\/et_pb_row][\/et_pb_section][et_pb_section fb_built=&#8221;1&#8243; _builder_version=&#8221;3.0.47&#8243; custom_padding=&#8221;60px|0px|30px|0px|false|false&#8221;][et_pb_row custom_padding=&#8221;30px|30px|30px|30px&#8221; module_class=&#8221;box-shadow&#8221; _builder_version=&#8221;3.12.2&#8243; background_color=&#8221;#ffffff&#8221; background_size=&#8221;initial&#8221; background_position=&#8221;top_left&#8221; background_repeat=&#8221;repeat&#8221;][et_pb_column type=&#8221;4_4&#8243; _builder_version=&#8221;3.0.47&#8243; parallax=&#8221;off&#8221; parallax_method=&#8221;on&#8221;][et_pb_text _builder_version=&#8221;3.12.2&#8243;]<\/p>\n<h1>Impressum<\/h1>\n<h2>Angaben gem\u00e4\u00df \u00a7 5 TMG<\/h2>\n<p>Jan J\u00f6rgensen<br \/>\nZahnarztpraxis<br \/>\nGreifengasse 17<br \/>\n4058 Basel<\/p>\n<p>Medizinalberuferegister: GLN: 7601000770615 \u2013 UID: CHE115575221<br \/>\nRegistergericht: Bern<\/p>\n<h2>Kontakt<\/h2>\n<p>Telefon: 061 &#8211; 681 11 32<br \/>\nE-Mail: info@zahnarzt-dentist.ch<\/p>\n<h2>Aufsichtsbeh\u00f6rde<\/h2>\n<p>BAG<br \/>\nBundesamt f\u00fcr Gesundheit BAG<br \/>\nSchwarzenburg Strasse 157<br \/>\n3003 Bern<\/p>\n<p><a href=\"http:\/\/www.bag.admin.ch\/bag\/de\/home.html\" target=\"_blank\" rel=\"noopener\">http:\/\/www.bag.admin.ch\/bag\/de\/home.html<\/a><\/p>\n<h2>Berufsbezeichnung und berufsrechtliche Regelungen<\/h2>\n<p>Berufsbezeichnung: Zahn\u00e4rzte<br \/>\nGesundheitsministerium: Bundesamt f\u00fcr Gesundheit BAG<br \/>\nVerliehen durch: Bundesamt f\u00fcr Gesundheit BAG<br \/>\nRegelungen einsehbar unter: <a href=\"https:\/\/www.bag.admin.ch\/bag\/de\/home\/berufe-im-gesundheitswesen\/medizinalberufe\/medizinalberuferegister-medreg.html\" target=\"_blank\" rel=\"noopener\">https:\/\/www.bag.admin.ch\/bag\/de\/home\/berufe-im-gesundheitswesen\/medizinalberufe\/medizinalberuferegister-medreg.html<\/a><\/p>\n<h2>Angaben zur Berufshaftpflichtversicherung<\/h2>\n<p><strong>Name und Sitz des Versicherers:<\/strong><br \/>\nHelvetia <br \/>\nSt. Gallen<\/p>\n<p><strong>Geltungsraum der Versicherung:<\/strong><br \/>Schweiz<\/p>\n<h3>Haftung f\u00fcr Inhalte<\/h3>\n<p>Als Diensteanbieter sind wir gem\u00e4\u00df \u00a7 7 Abs.1 TMG f\u00fcr eigene Inhalte auf diesen Seiten nach den allgemeinen Gesetzen verantwortlich. Nach \u00a7\u00a7 8 bis 10 TMG sind wir als Diensteanbieter jedoch nicht verpflichtet, \u00fcbermittelte oder gespeicherte fremde Informationen zu \u00fcberwachen oder nach Umst\u00e4nden zu forschen, die auf eine rechtswidrige T\u00e4tigkeit hinweisen.<\/p>\n<p>Verpflichtungen zur Entfernung oder Sperrung der Nutzung von Informationen nach den allgemeinen Gesetzen bleiben hiervon unber\u00fchrt. Eine diesbez\u00fcgliche Haftung ist jedoch erst ab dem Zeitpunkt der Kenntnis einer konkreten Rechtsverletzung m\u00f6glich. Bei Bekanntwerden von entsprechenden Rechtsverletzungen werden wir diese Inhalte umgehend entfernen.<\/p>\n<h3>Haftung f\u00fcr Links<\/h3>\n<p>Unser Angebot enth\u00e4lt Links zu externen Websites Dritter, auf deren Inhalte wir keinen Einfluss haben. Deshalb k\u00f6nnen wir f\u00fcr diese fremden Inhalte auch keine Gew\u00e4hr \u00fcbernehmen. F\u00fcr die Inhalte der verlinkten Seiten ist stets der jeweilige Anbieter oder Betreiber der Seiten verantwortlich. Die verlinkten Seiten wurden zum Zeitpunkt der Verlinkung auf m\u00f6gliche Rechtsverst\u00f6\u00dfe \u00fcberpr\u00fcft. Rechtswidrige Inhalte waren zum Zeitpunkt der Verlinkung nicht erkennbar.<\/p>\n<p>Eine permanente inhaltliche Kontrolle der verlinkten Seiten ist jedoch ohne konkrete Anhaltspunkte einer Rechtsverletzung nicht zumutbar. Bei Bekanntwerden von Rechtsverletzungen werden wir derartige Links umgehend entfernen.<\/p>\n<h3>Urheberrecht<\/h3>\n<p>Die durch die Seitenbetreiber erstellten Inhalte und Werke auf diesen Seiten unterliegen dem deutschen Urheberrecht. Die Vervielf\u00e4ltigung, Bearbeitung, Verbreitung und jede Art der Verwertung au\u00dferhalb der Grenzen des Urheberrechtes bed\u00fcrfen der schriftlichen Zustimmung des jeweiligen Autors bzw. Erstellers. Downloads und Kopien dieser Seite sind nur f\u00fcr den privaten, nicht kommerziellen Gebrauch gestattet.<\/p>\n<p>Soweit die Inhalte auf dieser Seite nicht vom Betreiber erstellt wurden, werden die Urheberrechte Dritter beachtet. Insbesondere werden Inhalte Dritter als solche gekennzeichnet. Sollten Sie trotzdem auf eine Urheberrechtsverletzung aufmerksam werden, bitten wir um einen entsprechenden Hinweis. Bei Bekanntwerden von Rechtsverletzungen werden wir derartige Inhalte umgehend entfernen.<\/p>\n<h3>Quellenangabe der verwendeten Bilder und Icons<\/h3>\n<p>\u00a9 Lucky Business \/ Shutterstock.com<br \/>\u00a9 Antonio Guillem \/ Shutterstock.com<br \/>\u00a9 Freepik \/ Flaticon.com<\/p>\n<p>[\/et_pb_text][\/et_pb_column][\/et_pb_row][\/et_pb_section]<\/p>\n","protected":false},"excerpt":{"rendered":"<p>Unser Impressum <span><span><a href=\"https:\/\/zahnarzt-dentist.ch\/en\/\">Startseite<\/a><\/span><\/span>Impressum Angaben gem\u00e4\u00df \u00a7 5 TMG Jan J\u00f6rgensen Zahnarztpraxis Greifengasse 17 4058 Basel Medizinalberuferegister: GLN: 7601000770615 \u2013 UID: CHE115575221 Registergericht: Bern Kontakt Telefon: 061 &#8211; 681 11 32 E-Mail: info@zahnarzt-dentist.ch Aufsichtsbeh\u00f6rde BAG Bundesamt f\u00fcr Gesundheit BAG Schwarzenburg Strasse 157 3003 Bern http:\/\/www.bag.admin.ch\/bag\/de\/home.html Berufsbezeichnung und berufsrechtliche Regelungen Berufsbezeichnung: Zahn\u00e4rzte Gesundheitsministerium: Bundesamt f\u00fcr Gesundheit BAG [&hellip;]<\/p>\n","protected":false},"author":1,"featured_media":0,"parent":0,"menu_order":0,"comment_status":"closed","ping_status":"closed","template":"","meta":{"_et_pb_use_builder":"on","_et_pb_old_content":"","_et_gb_content_width":"","inline_featured_image":false,"footnotes":""},"class_list":["post-6963","page","type-page","status-publish","hentry"],"yoast_head":"<!-- This site is optimized with the Yoast SEO plugin v24.0 - https:\/\/yoast.com\/wordpress\/plugins\/seo\/ -->\n<title>Imprint | Dental practice J\u00f6rgensen in Basel Switzerland<\/title>\n<meta name=\"robots\" content=\"index, follow, max-snippet:-1, max-image-preview:large, max-video-preview:-1\" \/>\n<link rel=\"canonical\" href=\"https:\/\/zahnarzt-dentist.ch\/en\/impressum\/\" \/>\n<meta property=\"og:locale\" content=\"en_US\" \/>\n<meta property=\"og:type\" content=\"article\" \/>\n<meta property=\"og:title\" content=\"Imprint | Dental practice J\u00f6rgensen in Basel Switzerland\" \/>\n<meta property=\"og:description\" content=\"Unser Impressum Impressum Angaben gem\u00e4\u00df \u00a7 5 TMG Jan J\u00f6rgensen Zahnarztpraxis Greifengasse 17 4058 Basel Medizinalberuferegister: GLN: 7601000770615 \u2013 UID: CHE115575221 Registergericht: Bern Kontakt Telefon: 061 - 681 11 32 E-Mail: info@zahnarzt-dentist.ch Aufsichtsbeh\u00f6rde BAG Bundesamt f\u00fcr Gesundheit BAG Schwarzenburg Strasse 157 3003 Bern http:\/\/www.bag.admin.ch\/bag\/de\/home.html Berufsbezeichnung und berufsrechtliche Regelungen Berufsbezeichnung: Zahn\u00e4rzte Gesundheitsministerium: Bundesamt f\u00fcr Gesundheit BAG [&hellip;]\" \/>\n<meta property=\"og:url\" content=\"https:\/\/zahnarzt-dentist.ch\/en\/impressum\/\" \/>\n<meta property=\"og:site_name\" content=\"Zahnarztpraxis J\u00f6rgensen\" \/>\n<meta property=\"article:modified_time\" content=\"2019-03-13T11:32:05+00:00\" \/>\n<meta name=\"twitter:card\" content=\"summary_large_image\" \/>\n<meta name=\"twitter:label1\" content=\"Est. reading time\" \/>\n\t<meta name=\"twitter:data1\" content=\"3 minutes\" \/>\n<script type=\"application\/ld+json\" class=\"yoast-schema-graph\">{\"@context\":\"https:\/\/schema.org\",\"@graph\":[{\"@type\":\"WebPage\",\"@id\":\"https:\/\/zahnarzt-dentist.ch\/en\/impressum\/\",\"url\":\"https:\/\/zahnarzt-dentist.ch\/en\/impressum\/\",\"name\":\"Imprint | Dental practice J\u00f6rgensen in Basel Switzerland\",\"isPartOf\":{\"@id\":\"https:\/\/zahnarzt-dentist.ch\/#website\"},\"datePublished\":\"2019-02-01T08:06:27+00:00\",\"dateModified\":\"2019-03-13T11:32:05+00:00\",\"breadcrumb\":{\"@id\":\"https:\/\/zahnarzt-dentist.ch\/en\/impressum\/#breadcrumb\"},\"inLanguage\":\"en-US\",\"potentialAction\":[{\"@type\":\"ReadAction\",\"target\":[\"https:\/\/zahnarzt-dentist.ch\/en\/impressum\/\"]}]},{\"@type\":\"BreadcrumbList\",\"@id\":\"https:\/\/zahnarzt-dentist.ch\/en\/impressum\/#breadcrumb\",\"itemListElement\":[{\"@type\":\"ListItem\",\"position\":1,\"name\":\"Startseite\",\"item\":\"https:\/\/zahnarzt-dentist.ch\/en\/\"},{\"@type\":\"ListItem\",\"position\":2,\"name\":\"Impressum\"}]},{\"@type\":\"WebSite\",\"@id\":\"https:\/\/zahnarzt-dentist.ch\/#website\",\"url\":\"https:\/\/zahnarzt-dentist.ch\/\",\"name\":\"Zahnarztpraxis J\u00f6rgensen\",\"description\":\"in Basel Schweiz\",\"potentialAction\":[{\"@type\":\"SearchAction\",\"target\":{\"@type\":\"EntryPoint\",\"urlTemplate\":\"https:\/\/zahnarzt-dentist.ch\/?s={search_term_string}\"},\"query-input\":{\"@type\":\"PropertyValueSpecification\",\"valueRequired\":true,\"valueName\":\"search_term_string\"}}],\"inLanguage\":\"en-US\"}]}<\/script>\n<!-- \/ Yoast SEO plugin. -->","yoast_head_json":{"title":"Imprint | Dental practice J\u00f6rgensen in Basel Switzerland","robots":{"index":"index","follow":"follow","max-snippet":"max-snippet:-1","max-image-preview":"max-image-preview:large","max-video-preview":"max-video-preview:-1"},"canonical":"https:\/\/zahnarzt-dentist.ch\/en\/impressum\/","og_locale":"en_US","og_type":"article","og_title":"Imprint | Dental practice J\u00f6rgensen in Basel Switzerland","og_description":"Unser Impressum Impressum Angaben gem\u00e4\u00df \u00a7 5 TMG Jan J\u00f6rgensen Zahnarztpraxis Greifengasse 17 4058 Basel Medizinalberuferegister: GLN: 7601000770615 \u2013 UID: CHE115575221 Registergericht: Bern Kontakt Telefon: 061 - 681 11 32 E-Mail: info@zahnarzt-dentist.ch Aufsichtsbeh\u00f6rde BAG Bundesamt f\u00fcr Gesundheit BAG Schwarzenburg Strasse 157 3003 Bern http:\/\/www.bag.admin.ch\/bag\/de\/home.html Berufsbezeichnung und berufsrechtliche Regelungen Berufsbezeichnung: Zahn\u00e4rzte Gesundheitsministerium: Bundesamt f\u00fcr Gesundheit BAG [&hellip;]","og_url":"https:\/\/zahnarzt-dentist.ch\/en\/impressum\/","og_site_name":"Zahnarztpraxis J\u00f6rgensen","article_modified_time":"2019-03-13T11:32:05+00:00","twitter_card":"summary_large_image","twitter_misc":{"Est. reading time":"3 minutes"},"schema":{"@context":"https:\/\/schema.org","@graph":[{"@type":"WebPage","@id":"https:\/\/zahnarzt-dentist.ch\/en\/impressum\/","url":"https:\/\/zahnarzt-dentist.ch\/en\/impressum\/","name":"Imprint | Dental practice J\u00f6rgensen in Basel Switzerland","isPartOf":{"@id":"https:\/\/zahnarzt-dentist.ch\/#website"},"datePublished":"2019-02-01T08:06:27+00:00","dateModified":"2019-03-13T11:32:05+00:00","breadcrumb":{"@id":"https:\/\/zahnarzt-dentist.ch\/en\/impressum\/#breadcrumb"},"inLanguage":"en-US","potentialAction":[{"@type":"ReadAction","target":["https:\/\/zahnarzt-dentist.ch\/en\/impressum\/"]}]},{"@type":"BreadcrumbList","@id":"https:\/\/zahnarzt-dentist.ch\/en\/impressum\/#breadcrumb","itemListElement":[{"@type":"ListItem","position":1,"name":"Startseite","item":"https:\/\/zahnarzt-dentist.ch\/en\/"},{"@type":"ListItem","position":2,"name":"Impressum"}]},{"@type":"WebSite","@id":"https:\/\/zahnarzt-dentist.ch\/#website","url":"https:\/\/zahnarzt-dentist.ch\/","name":"Zahnarztpraxis J\u00f6rgensen","description":"in Basel Schweiz","potentialAction":[{"@type":"SearchAction","target":{"@type":"EntryPoint","urlTemplate":"https:\/\/zahnarzt-dentist.ch\/?s={search_term_string}"},"query-input":{"@type":"PropertyValueSpecification","valueRequired":true,"valueName":"search_term_string"}}],"inLanguage":"en-US"}]}},"_links":{"self":[{"href":"https:\/\/zahnarzt-dentist.ch\/en\/wp-json\/wp\/v2\/pages\/6963","targetHints":{"allow":["GET"]}}],"collection":[{"href":"https:\/\/zahnarzt-dentist.ch\/en\/wp-json\/wp\/v2\/pages"}],"about":[{"href":"https:\/\/zahnarzt-dentist.ch\/en\/wp-json\/wp\/v2\/types\/page"}],"author":[{"embeddable":true,"href":"https:\/\/zahnarzt-dentist.ch\/en\/wp-json\/wp\/v2\/users\/1"}],"replies":[{"embeddable":true,"href":"https:\/\/zahnarzt-dentist.ch\/en\/wp-json\/wp\/v2\/comments?post=6963"}],"version-history":[{"count":1,"href":"https:\/\/zahnarzt-dentist.ch\/en\/wp-json\/wp\/v2\/pages\/6963\/revisions"}],"predecessor-version":[{"id":6964,"href":"https:\/\/zahnarzt-dentist.ch\/en\/wp-json\/wp\/v2\/pages\/6963\/revisions\/6964"}],"wp:attachment":[{"href":"https:\/\/zahnarzt-dentist.ch\/en\/wp-json\/wp\/v2\/media?parent=6963"}],"curies":[{"name":"wp","href":"https:\/\/api.w.org\/{rel}","templated":true}]}}