{"id":6985,"date":"2019-02-01T09:12:52","date_gmt":"2019-02-01T08:12:52","guid":{"rendered":"https:\/\/joergensen.aw001.de\/?page_id=6985"},"modified":"2019-03-13T12:25:57","modified_gmt":"2019-03-13T11:25:57","slug":"grosse-zahnluecke","status":"publish","type":"page","link":"https:\/\/zahnarzt-dentist.ch\/en\/zahnimplantate\/grosse-zahnluecke\/","title":{"rendered":"Large Gap"},"content":{"rendered":"<p>[et_pb_section fb_built=&#8221;1&#8243; _builder_version=&#8221;3.0.47&#8243; custom_padding=&#8221;30px|0px|0|0px|false|false&#8221;][et_pb_row custom_padding=&#8221;30px|30px|30px|30px&#8221; custom_css_main_2=&#8221;text-align: right;&#8221; module_id=&#8221;title-image&#8221; module_class=&#8221;box-shadow&#8221; _builder_version=&#8221;3.12.2&#8243; background_color=&#8221;#ffffff&#8221; background_image=&#8221;https:\/\/zahnarzt-dentist.ch\/wp-content\/uploads\/2018\/11\/zahnarzt-dentist-in-basel-schweiz.jpg&#8221; background_position=&#8221;bottom_left&#8221; border_radii=&#8221;on|1px|1px|1px|1px&#8221;][et_pb_column type=&#8221;4_4&#8243; _builder_version=&#8221;3.0.47&#8243; parallax=&#8221;off&#8221; parallax_method=&#8221;on&#8221;][et_pb_text admin_label=&#8221;Headline&#8221; module_class=&#8221;entry-heading&#8221; _builder_version=&#8221;3.12.2&#8243; text_font=&#8221;Ubuntu||||||||&#8221; header_2_font=&#8221;Open Sans||||||||&#8221;]<\/p>\n<h1>Implants for large tooth gaps and shortened rows of teeth<\/h1>\n<div class=\"breadcrumb\"><span><span><a href=\"https:\/\/zahnarzt-dentist.ch\/en\/\">Startseite<\/a><\/span><\/span><\/div>\n<p>[\/et_pb_text][\/et_pb_column][\/et_pb_row][et_pb_row custom_padding=&#8221;30px|30px|30px|30px|false|false&#8221; custom_margin=&#8221;60px||0px|&#8221; module_class=&#8221;box-shadow&#8221; _builder_version=&#8221;3.12.2&#8243; background_color=&#8221;#ffffff&#8221; background_size=&#8221;initial&#8221; background_position=&#8221;top_left&#8221; background_repeat=&#8221;repeat&#8221;][et_pb_column type=&#8221;4_4&#8243; _builder_version=&#8221;3.0.47&#8243; parallax=&#8221;off&#8221; parallax_method=&#8221;on&#8221;][et_pb_text module_class=&#8221;headline-border&#8221; _builder_version=&#8221;3.12.2&#8243;]<\/p>\n<h2 class=\"entry-title\">Implants for large tooth gaps and shortened rows of teeth &#8211; as natural as possible!<\/h2>\n<p>[\/et_pb_text][et_pb_text _builder_version=&#8221;3.12.2&#8243;]<\/p>\n<p>When the smile suddenly looks\u00a0old,\u00a0some teeth are missing or older dentures become a problem that cannot be fixed, implants can make your teeth look normal again.<\/p>\n<p>Single-tooth implants are an elegant solution\u00a0if several teeth are missing: Every tooth is replaced individually and the original situation is restored exactly. If three or more adjacent teeth are missing, you can also have an implant-borne bridge. The new crowns are fastened together and placed on two or more implants.<\/p>\n<p>A temporary denture closes the gaps during the healing phase.\u00a0<\/p>\n<p><span>Once this is finished, the final crowns or the bridge are fixed permanently to the implants.<\/span><\/p>\n<p>Do you have any more questions? Please click\u00a0<a href=\"\/en\/zahnimplantate\/fragen-zu-zahnimplantaten\/\">here<br \/><\/a><span style=\"font-size: 16px;\">Would you like a consultation? Please click\u00a0<\/span><a href=\"\/en\/kontakt\" style=\"font-size: 16px;\">here<\/a><\/p>\n<p>[\/et_pb_text][\/et_pb_column][\/et_pb_row][et_pb_row custom_padding=&#8221;30px|30px|30px|30px|false|false&#8221; custom_margin=&#8221;60px||30px|&#8221; module_class=&#8221;box-shadow&#8221; _builder_version=&#8221;3.12.2&#8243; background_color=&#8221;#ffffff&#8221;][et_pb_column type=&#8221;1_4&#8243; _builder_version=&#8221;3.0.47&#8243; parallax=&#8221;off&#8221; parallax_method=&#8221;on&#8221;][et_pb_blurb image=&#8221;https:\/\/zahnarzt-dentist.ch\/wp-content\/uploads\/2018\/11\/behandlung-gro\u00dfe-zahnluecke-fehlende-zaehne-basel.jpg&#8221; alt=&#8221;Behandlung gro\u00dfe Zahnl\u00fccke fehlende Z\u00e4hne Basel&#8221; module_class=&#8221;single-post&#8221; _builder_version=&#8221;3.12.2&#8243; text_orientation=&#8221;center&#8221;]<\/p>\n<p>Three missing teeth at the end of the row of teeth<\/p>\n<p>[\/et_pb_blurb][\/et_pb_column][et_pb_column type=&#8221;1_4&#8243; _builder_version=&#8221;3.0.47&#8243; parallax=&#8221;off&#8221; parallax_method=&#8221;on&#8221;][et_pb_blurb image=&#8221;https:\/\/zahnarzt-dentist.ch\/wp-content\/uploads\/2018\/11\/behandlung-gro\u00dfe-zahnluecke-bruecke-basel.jpg&#8221; alt=&#8221;Behandlung gro\u00dfe Zahnl\u00fccke Br\u00fccke Basel&#8221; module_class=&#8221;single-post&#8221; _builder_version=&#8221;3.12.2&#8243; text_orientation=&#8221;center&#8221;]<\/p>\n<p>A bridge on two implants<\/p>\n<p>[\/et_pb_blurb][\/et_pb_column][et_pb_column type=&#8221;1_4&#8243; _builder_version=&#8221;3.0.47&#8243; parallax=&#8221;off&#8221; parallax_method=&#8221;on&#8221;][et_pb_blurb image=&#8221;https:\/\/zahnarzt-dentist.ch\/wp-content\/uploads\/2018\/11\/behandlung-gro\u00dfe-zahnluecke-einzelzaehne-basel.jpg&#8221; alt=&#8221;Behandlung gro\u00dfe Zahnl\u00fccke Einzelz\u00e4hne Basel&#8221; module_class=&#8221;single-post&#8221; _builder_version=&#8221;3.12.2&#8243; text_orientation=&#8221;center&#8221;]<\/p>\n<p>Three single teeth on three implants<\/p>\n<p>[\/et_pb_blurb][\/et_pb_column][et_pb_column type=&#8221;1_4&#8243; _builder_version=&#8221;3.0.47&#8243; parallax=&#8221;off&#8221; parallax_method=&#8221;on&#8221;][et_pb_blurb image=&#8221;https:\/\/zahnarzt-dentist.ch\/wp-content\/uploads\/2018\/11\/behandlung-gro\u00dfe-zahnluecke-natuerliche-funktion-basel.jpg&#8221; alt=&#8221;Behandlung gro\u00dfe Zahnl\u00fccke Nat\u00fcrliche Funktion Basel&#8221; module_class=&#8221;single-post&#8221; _builder_version=&#8221;3.12.2&#8243; text_orientation=&#8221;center&#8221;]<\/p>\n<p>Natural aesthetics, natural function<\/p>\n<p>[\/et_pb_blurb][\/et_pb_column][\/et_pb_row][\/et_pb_section]<\/p>\n","protected":false},"excerpt":{"rendered":"<p>Implants for large tooth gaps and shortened rows of teeth <span><span><a href=\"https:\/\/zahnarzt-dentist.ch\/en\/\">Startseite<\/a><\/span><\/span>Implants for large tooth gaps and shortened rows of teeth &#8211; as natural as possible!When the smile suddenly looks\u00a0old,\u00a0some teeth are missing or older dentures become a problem that cannot be fixed, implants can make your teeth look normal again. Single-tooth implants are an elegant [&hellip;]<\/p>\n","protected":false},"author":1,"featured_media":0,"parent":6979,"menu_order":0,"comment_status":"closed","ping_status":"closed","template":"","meta":{"_et_pb_use_builder":"on","_et_pb_old_content":"","_et_gb_content_width":"","inline_featured_image":false,"footnotes":""},"class_list":["post-6985","page","type-page","status-publish","hentry"],"yoast_head":"<!-- This site is optimized with the Yoast SEO plugin v24.0 - https:\/\/yoast.com\/wordpress\/plugins\/seo\/ -->\n<title>Large Gap | Dental practice J\u00f6rgensen in Basel Switzerland<\/title>\n<meta name=\"robots\" content=\"index, follow, max-snippet:-1, max-image-preview:large, max-video-preview:-1\" \/>\n<link rel=\"canonical\" href=\"https:\/\/zahnarzt-dentist.ch\/en\/zahnimplantate\/grosse-zahnluecke\/\" \/>\n<meta property=\"og:locale\" content=\"en_US\" \/>\n<meta property=\"og:type\" content=\"article\" \/>\n<meta property=\"og:title\" content=\"Large Gap | Dental practice J\u00f6rgensen in Basel Switzerland\" \/>\n<meta property=\"og:description\" content=\"Implants for large tooth gaps and shortened rows of teeth Implants for large tooth gaps and shortened rows of teeth - as natural as possible!When the smile suddenly looks\u00a0old,\u00a0some teeth are missing or older dentures become a problem that cannot be fixed, implants can make your teeth look normal again. Single-tooth implants are an elegant [&hellip;]\" \/>\n<meta property=\"og:url\" content=\"https:\/\/zahnarzt-dentist.ch\/en\/zahnimplantate\/grosse-zahnluecke\/\" \/>\n<meta property=\"og:site_name\" content=\"Zahnarztpraxis J\u00f6rgensen\" \/>\n<meta property=\"article:modified_time\" content=\"2019-03-13T11:25:57+00:00\" \/>\n<meta name=\"twitter:card\" content=\"summary_large_image\" \/>\n<meta name=\"twitter:label1\" content=\"Est. reading time\" \/>\n\t<meta name=\"twitter:data1\" content=\"3 minutes\" \/>\n<script type=\"application\/ld+json\" class=\"yoast-schema-graph\">{\"@context\":\"https:\/\/schema.org\",\"@graph\":[{\"@type\":\"WebPage\",\"@id\":\"https:\/\/zahnarzt-dentist.ch\/en\/zahnimplantate\/grosse-zahnluecke\/\",\"url\":\"https:\/\/zahnarzt-dentist.ch\/en\/zahnimplantate\/grosse-zahnluecke\/\",\"name\":\"Large Gap | Dental practice J\u00f6rgensen in Basel Switzerland\",\"isPartOf\":{\"@id\":\"https:\/\/zahnarzt-dentist.ch\/#website\"},\"datePublished\":\"2019-02-01T08:12:52+00:00\",\"dateModified\":\"2019-03-13T11:25:57+00:00\",\"breadcrumb\":{\"@id\":\"https:\/\/zahnarzt-dentist.ch\/en\/zahnimplantate\/grosse-zahnluecke\/#breadcrumb\"},\"inLanguage\":\"en-US\",\"potentialAction\":[{\"@type\":\"ReadAction\",\"target\":[\"https:\/\/zahnarzt-dentist.ch\/en\/zahnimplantate\/grosse-zahnluecke\/\"]}]},{\"@type\":\"BreadcrumbList\",\"@id\":\"https:\/\/zahnarzt-dentist.ch\/en\/zahnimplantate\/grosse-zahnluecke\/#breadcrumb\",\"itemListElement\":[{\"@type\":\"ListItem\",\"position\":1,\"name\":\"Startseite\",\"item\":\"https:\/\/zahnarzt-dentist.ch\/en\/\"},{\"@type\":\"ListItem\",\"position\":2,\"name\":\"Dental Implants\",\"item\":\"https:\/\/zahnarzt-dentist.ch\/en\/zahnimplantate\/\"},{\"@type\":\"ListItem\",\"position\":3,\"name\":\"Large Gap\"}]},{\"@type\":\"WebSite\",\"@id\":\"https:\/\/zahnarzt-dentist.ch\/#website\",\"url\":\"https:\/\/zahnarzt-dentist.ch\/\",\"name\":\"Zahnarztpraxis J\u00f6rgensen\",\"description\":\"in Basel Schweiz\",\"potentialAction\":[{\"@type\":\"SearchAction\",\"target\":{\"@type\":\"EntryPoint\",\"urlTemplate\":\"https:\/\/zahnarzt-dentist.ch\/?s={search_term_string}\"},\"query-input\":{\"@type\":\"PropertyValueSpecification\",\"valueRequired\":true,\"valueName\":\"search_term_string\"}}],\"inLanguage\":\"en-US\"}]}<\/script>\n<!-- \/ Yoast SEO plugin. -->","yoast_head_json":{"title":"Large Gap | Dental practice J\u00f6rgensen in Basel Switzerland","robots":{"index":"index","follow":"follow","max-snippet":"max-snippet:-1","max-image-preview":"max-image-preview:large","max-video-preview":"max-video-preview:-1"},"canonical":"https:\/\/zahnarzt-dentist.ch\/en\/zahnimplantate\/grosse-zahnluecke\/","og_locale":"en_US","og_type":"article","og_title":"Large Gap | Dental practice J\u00f6rgensen in Basel Switzerland","og_description":"Implants for large tooth gaps and shortened rows of teeth Implants for large tooth gaps and shortened rows of teeth - as natural as possible!When the smile suddenly looks\u00a0old,\u00a0some teeth are missing or older dentures become a problem that cannot be fixed, implants can make your teeth look normal again. Single-tooth implants are an elegant [&hellip;]","og_url":"https:\/\/zahnarzt-dentist.ch\/en\/zahnimplantate\/grosse-zahnluecke\/","og_site_name":"Zahnarztpraxis J\u00f6rgensen","article_modified_time":"2019-03-13T11:25:57+00:00","twitter_card":"summary_large_image","twitter_misc":{"Est. reading time":"3 minutes"},"schema":{"@context":"https:\/\/schema.org","@graph":[{"@type":"WebPage","@id":"https:\/\/zahnarzt-dentist.ch\/en\/zahnimplantate\/grosse-zahnluecke\/","url":"https:\/\/zahnarzt-dentist.ch\/en\/zahnimplantate\/grosse-zahnluecke\/","name":"Large Gap | Dental practice J\u00f6rgensen in Basel Switzerland","isPartOf":{"@id":"https:\/\/zahnarzt-dentist.ch\/#website"},"datePublished":"2019-02-01T08:12:52+00:00","dateModified":"2019-03-13T11:25:57+00:00","breadcrumb":{"@id":"https:\/\/zahnarzt-dentist.ch\/en\/zahnimplantate\/grosse-zahnluecke\/#breadcrumb"},"inLanguage":"en-US","potentialAction":[{"@type":"ReadAction","target":["https:\/\/zahnarzt-dentist.ch\/en\/zahnimplantate\/grosse-zahnluecke\/"]}]},{"@type":"BreadcrumbList","@id":"https:\/\/zahnarzt-dentist.ch\/en\/zahnimplantate\/grosse-zahnluecke\/#breadcrumb","itemListElement":[{"@type":"ListItem","position":1,"name":"Startseite","item":"https:\/\/zahnarzt-dentist.ch\/en\/"},{"@type":"ListItem","position":2,"name":"Dental Implants","item":"https:\/\/zahnarzt-dentist.ch\/en\/zahnimplantate\/"},{"@type":"ListItem","position":3,"name":"Large Gap"}]},{"@type":"WebSite","@id":"https:\/\/zahnarzt-dentist.ch\/#website","url":"https:\/\/zahnarzt-dentist.ch\/","name":"Zahnarztpraxis J\u00f6rgensen","description":"in Basel Schweiz","potentialAction":[{"@type":"SearchAction","target":{"@type":"EntryPoint","urlTemplate":"https:\/\/zahnarzt-dentist.ch\/?s={search_term_string}"},"query-input":{"@type":"PropertyValueSpecification","valueRequired":true,"valueName":"search_term_string"}}],"inLanguage":"en-US"}]}},"_links":{"self":[{"href":"https:\/\/zahnarzt-dentist.ch\/en\/wp-json\/wp\/v2\/pages\/6985","targetHints":{"allow":["GET"]}}],"collection":[{"href":"https:\/\/zahnarzt-dentist.ch\/en\/wp-json\/wp\/v2\/pages"}],"about":[{"href":"https:\/\/zahnarzt-dentist.ch\/en\/wp-json\/wp\/v2\/types\/page"}],"author":[{"embeddable":true,"href":"https:\/\/zahnarzt-dentist.ch\/en\/wp-json\/wp\/v2\/users\/1"}],"replies":[{"embeddable":true,"href":"https:\/\/zahnarzt-dentist.ch\/en\/wp-json\/wp\/v2\/comments?post=6985"}],"version-history":[{"count":7,"href":"https:\/\/zahnarzt-dentist.ch\/en\/wp-json\/wp\/v2\/pages\/6985\/revisions"}],"predecessor-version":[{"id":7235,"href":"https:\/\/zahnarzt-dentist.ch\/en\/wp-json\/wp\/v2\/pages\/6985\/revisions\/7235"}],"up":[{"embeddable":true,"href":"https:\/\/zahnarzt-dentist.ch\/en\/wp-json\/wp\/v2\/pages\/6979"}],"wp:attachment":[{"href":"https:\/\/zahnarzt-dentist.ch\/en\/wp-json\/wp\/v2\/media?parent=6985"}],"curies":[{"name":"wp","href":"https:\/\/api.w.org\/{rel}","templated":true}]}}